{"id":1402,"date":"2026-03-16T18:45:21","date_gmt":"2026-03-16T18:45:21","guid":{"rendered":"https:\/\/mardihills.com\/?page_id=169&amp;lang=tr"},"modified":"2026-03-16T18:45:21","modified_gmt":"2026-03-16T18:45:21","slug":"cookies","status":"publish","type":"page","link":"https:\/\/mardihills.com\/tr\/cookies\/","title":{"rendered":"Cookies [TR]"},"content":{"rendered":"\t\t<div data-elementor-type=\"wp-page\" data-elementor-id=\"1402\" class=\"elementor elementor-1402 elementor-169\" data-elementor-post-type=\"page\">\n\t\t\t\t<div class=\"elementor-element elementor-element-1f684b98 e-flex e-con-boxed e-con e-parent\" data-id=\"1f684b98\" data-element_type=\"container\" data-e-type=\"container\">\n\t\t\t\t\t<div class=\"e-con-inner\">\n\t\t\t\t<div class=\"elementor-element elementor-element-51090949 elementor-widget elementor-widget-text-editor\" data-id=\"51090949\" data-element_type=\"widget\" data-e-type=\"widget\" data-widget_type=\"text-editor.default\">\n\t\t\t\t\t\t\t\t\t<h1>Cookies<\/h1>\n<p>Son g\u00fcncelleme: 10 Eyl\u00fcl 2025<\/p>\n<h2>1. NedirCookies?<\/h2>\n<p>Cookiesbir web sitesini ziyaret ederken kullan\u0131c\u0131n\u0131n cihaz\u0131na y\u00fckledi\u011fi k\u00fc\u00e7\u00fck metin dosyalar\u0131d\u0131r. Sitenin teknik i\u015fleyi\u015fini sa\u011flamaya, kullan\u0131m\u0131n\u0131 analiz etmeye ve baz\u0131 durumlarda g\u00f6sterilen i\u00e7erik ve reklamlar\u0131 ki\u015fiselle\u015ftirmeye yararlar.<\/p>\n<h2>2. T\u00fcrleriCookiesKullan\u0131yoruz<\/h2>\n<p>Bu web sitesinde a\u015fa\u011f\u0131daki \u00e7erez t\u00fcrlerini kullan\u0131yoruz:<\/p>\n<h3>a) TeknikCookies(Gerekli)<\/h3>\n<p>Gezinmeye ve web sitesinin form y\u00f6netimi veya \u00f6zel alanlara eri\u015fim gibi temel i\u015flevlerinin kullan\u0131lmas\u0131na olanak tan\u0131r. Bu \u00e7erezler kullan\u0131c\u0131n\u0131n iznini gerektirmez.<\/p>\n<h3>b) Ki\u015fiselle\u015ftirmeCookies<\/h3>\n<p>Deneyimlerini geli\u015ftirmek i\u00e7in kullan\u0131c\u0131n\u0131n dil, b\u00f6lge veya taray\u0131c\u0131 t\u00fcr\u00fc gibi tercihlerinin hat\u0131rlanmas\u0131na olanak tan\u0131rlar.<\/p>\n<h3>c) AnalitikCookies<\/h3>\n<p>Web sitesinin kullan\u0131m\u0131na ili\u015fkin istatistik toplamak i\u00e7in analitik \u00e7erezler kullan\u0131yoruz. \u00d6zellikle a\u015fa\u011f\u0131daki gibi bilgileri toplayan Google Analytics&#8217;i kullan\u0131yoruz:<\/p>\n<ul>\n<li>IP adresi (k\u0131smi anonimle\u015ftirme teknikleriyle)<\/li>\n<li>Ziyaret edilen sayfalar ve ziyaretin s\u00fcresi<\/li>\n<li>Taray\u0131c\u0131 t\u00fcr\u00fc, cihaz ve i\u015fletim sistemi<\/li>\n<li>Site i\u00e7indeki etkile\u015fimler<\/li>\n<\/ul>\n<p><strong>Yasal dayanak:<\/strong>\u00c7erez ba\u015fl\u0131\u011f\u0131 arac\u0131l\u0131\u011f\u0131yla talep edilen kullan\u0131c\u0131n\u0131n a\u00e7\u0131k r\u0131zas\u0131.<\/p>\n<p>Evet. Google, Analytics verilerinin AB i\u00e7indeki veri merkezlerinde i\u015flenebilece\u011fini ve saklanabilece\u011fini belirtse de Google LLC (ABD merkezli) bu verilere Avrupa Ekonomik Alan\u0131 d\u0131\u015f\u0131ndan da eri\u015febilir.<\/p>\n<p><strong>Uygulanan garanti:<\/strong>Google LLC, AB-ABD kapsam\u0131nda sertifikal\u0131d\u0131r. GDPR&#8217;nin 45. Maddesi uyar\u0131nca uluslararas\u0131 aktar\u0131mlara izin veren Veri Gizlili\u011fi \u00c7er\u00e7evesi.<\/p>\n<p>Daha fazla bilgi i\u00e7in: Google DPF Sertifikas\u0131<\/p>\n<h3>d) Reklam ve Yeniden PazarlamaCookies<\/h3>\n<p>Kullan\u0131c\u0131n\u0131n g\u00f6z atma al\u0131\u015fkanl\u0131klar\u0131na g\u00f6re ki\u015fiselle\u015ftirilmi\u015f reklamlar g\u00f6r\u00fcnt\u00fclemek ve kampanyalar\u0131m\u0131z\u0131n performans\u0131n\u0131 \u00f6l\u00e7mek i\u00e7in birinci taraf veya \u00fc\u00e7\u00fcnc\u00fc taraf \u00e7erezleri (Google Ads veya Meta gibi) kullanabiliriz.<\/p>\n<h2>3. Birinci Taraf ve \u00dc\u00e7\u00fcnc\u00fc TarafCookies<\/h2>\n<p>Bu site \u015funlar\u0131 kullan\u0131r:<\/p>\n<ul>\n<li><strong>Birinci taraf \u00e7erezleri<\/strong>, do\u011frudan Evoost Real Tech S.L. taraf\u0131ndan y\u00f6netilmektedir.<\/li>\n<li><strong>\u00dc\u00e7\u00fcnc\u00fc taraf \u00e7erezleri<\/strong>, taraf\u0131ndan y\u00f6netilmektedir:<ul>\n<li>Google LLC (Google Analytics ve Google Reklamlar\u0131)<\/li>\n<li>Meta Platforms Inc. (varsa sosyal medya kampanyalar\u0131nda)<\/li>\n<\/ul>\n<\/li>\n<\/ul>\n<h2>4. Toplanan Bilgileri Kim Kullan\u0131yor?Cookies?<\/h2>\n<p>\u00c7erezler taraf\u0131ndan toplanan bilgiler a\u015fa\u011f\u0131dakiler taraf\u0131ndan i\u015flenir:<\/p>\n<ul>\n<li><strong>Evoost Real Tech S.L.<\/strong>, site denetleyicisi olarak<\/li>\n<li><strong>Harici sa\u011flay\u0131c\u0131lar<\/strong>Google LLC gibi kendi politikalar\u0131na g\u00f6re<\/li>\n<\/ul>\n<p>Veriler Avrupa Ekonomik Alan\u0131 d\u0131\u015f\u0131nda i\u015flenebildi\u011finde, DPF&#8217;ye, standart s\u00f6zle\u015fme h\u00fck\u00fcmlerine veya ek g\u00fcvenlik mekanizmalar\u0131na ba\u011fl\u0131l\u0131k da dahil olmak \u00fczere uygun \u00f6nlemler uygulanacakt\u0131r.<\/p>\n<h2>5. Nas\u0131l Yap\u0131land\u0131rabilir veya Reddedebilirsiniz?Cookies?<\/h2>\n<p>Siteye ilk kez eri\u015fti\u011finizde a\u015fa\u011f\u0131dakileri yapman\u0131za olanak tan\u0131yan bir \u00e7erez ba\u015fl\u0131\u011f\u0131 g\u00f6r\u00fcnt\u00fclenir:<\/p>\n<ul>\n<li>T\u00fcm \u00e7erezleri kabul et<\/li>\n<li>Teknik olanlar hari\u00e7 hepsini reddet<\/li>\n<li>Tercihleri \u200b\u200b\u00e7erez t\u00fcr\u00fcne g\u00f6re ayarlay\u0131n<\/li>\n<\/ul>\n<p>Ayr\u0131ca tercihlerinizi istedi\u011finiz zaman sayfan\u0131n alt k\u0131sm\u0131ndan (&#8220;\u00c7erez Ayarlar\u0131&#8221;) de\u011fi\u015ftirebilirsiniz.<\/p>\n<p>\u00c7erezleri taray\u0131c\u0131n\u0131z\u0131n ayarlar\u0131ndan da y\u00f6netebilirsiniz. \u0130\u015fte yard\u0131m ba\u011flant\u0131lar\u0131:<\/p>\n<ul>\n<li>Google Chrome<\/li>\n<li>MozillaFirefox<\/li>\n<li>Microsoft Kenar\u0131<\/li>\n<li>Safari<\/li>\n<\/ul>\n<h2>6. \u00c7erez Saklama S\u00fcresi<\/h2>\n<p>Her \u00e7erezin kendi son kullanma tarihi vard\u0131r. Baz\u0131lar\u0131 taray\u0131c\u0131 kapat\u0131ld\u0131\u011f\u0131nda otomatik olarak silinir (oturum \u00e7erezleri) ve di\u011ferleri daha uzun s\u00fcre kalabilir (kal\u0131c\u0131 \u00e7erezler).<\/p>\n<h2>7. Ki\u015fisel Verilerin \u0130\u015flenmesi<\/h2>\n<p>Analitik ve reklam \u00e7erezlerinin kullan\u0131m\u0131, IP adresi, cihaz tan\u0131mlay\u0131c\u0131lar\u0131 ve tarama al\u0131\u015fkanl\u0131klar\u0131 gibi ki\u015fisel verilerin i\u015flenmesini i\u00e7erebilir.<\/p>\n<p>Ki\u015fisel verilerinizi nas\u0131l i\u015fledi\u011fimiz ve size yard\u0131mc\u0131 olacak haklar (eri\u015fim, d\u00fczeltme, itiraz, silme, s\u0131n\u0131rlama ve ta\u015f\u0131nabilirlik) hakk\u0131nda daha fazla bilgiyi [Gizlilik Politikam\u0131z]&#8217;da bulabilirsiniz.<\/p>\n<p>Haklar\u0131n\u0131z\u0131 kullanmak i\u00e7in ileti\u015fime ge\u00e7ebilirsiniz:<\/p>\n<ul>\n<li><strong>\u015eirket:<\/strong>Evoost Real Tech S.L.<\/li>\n<li><strong>E-posta:<\/strong>protecciondedatos@evoost.ai<\/li>\n<li><strong>Adres:<\/strong>Calle Jovellanos, 10 BAJO IZQ \u2013 33206 Gij\u00f3n (Asturias)<\/li>\n<\/ul>\t\t\t\t\t\t\t\t<\/div>\n\t\t\t\t\t<\/div>\n\t\t\t\t<\/div>\n\t\t\t\t<\/div>\n\t\t","protected":false},"excerpt":{"rendered":"<p>Cookies Son g\u00fcncelleme: 10 Eyl\u00fcl 2025 1. NedirCookies? Cookiesbir web sitesini ziyaret ederken kullan\u0131c\u0131n\u0131n cihaz\u0131na y\u00fckledi\u011fi k\u00fc\u00e7\u00fck metin dosyalar\u0131d\u0131r. Sitenin teknik i\u015fleyi\u015fini sa\u011flamaya, kullan\u0131m\u0131n\u0131 analiz etmeye ve baz\u0131 durumlarda g\u00f6sterilen i\u00e7erik ve reklamlar\u0131 ki\u015fiselle\u015ftirmeye yararlar. 2. T\u00fcrleriCookiesKullan\u0131yoruz Bu web sitesinde a\u015fa\u011f\u0131daki \u00e7erez t\u00fcrlerini kullan\u0131yoruz: a) TeknikCookies(Gerekli) Gezinmeye ve web sitesinin form y\u00f6netimi veya \u00f6zel alanlara [&hellip;]<\/p>\n","protected":false},"author":13,"featured_media":0,"parent":0,"menu_order":0,"comment_status":"closed","ping_status":"closed","template":"","meta":{"_acf_changed":false,"footnotes":""},"class_list":["post-1402","page","type-page","status-publish","hentry"],"acf":[],"yoast_head":"<!-- This site is optimized with the Yoast SEO plugin v27.0 - https:\/\/yoast.com\/product\/yoast-seo-wordpress\/ -->\n<title>\u00c7erez Politikas\u0131 | Mardi Hills<\/title>\n<meta name=\"robots\" content=\"index, follow, max-snippet:-1, max-image-preview:large, max-video-preview:-1\" \/>\n<link rel=\"canonical\" href=\"https:\/\/mardihills.com\/tr\/cookies\/\" \/>\n<meta property=\"og:locale\" content=\"tr_TR\" \/>\n<meta property=\"og:type\" content=\"article\" \/>\n<meta property=\"og:title\" content=\"\u00c7erez Politikas\u0131 | Mardi Hills\" \/>\n<meta property=\"og:description\" content=\"Cookies Son g\u00fcncelleme: 10 Eyl\u00fcl 2025 1. NedirCookies? Cookiesbir web sitesini ziyaret ederken kullan\u0131c\u0131n\u0131n cihaz\u0131na y\u00fckledi\u011fi k\u00fc\u00e7\u00fck metin dosyalar\u0131d\u0131r. Sitenin teknik i\u015fleyi\u015fini sa\u011flamaya, kullan\u0131m\u0131n\u0131 analiz etmeye ve baz\u0131 durumlarda g\u00f6sterilen i\u00e7erik ve reklamlar\u0131 ki\u015fiselle\u015ftirmeye yararlar. 2. T\u00fcrleriCookiesKullan\u0131yoruz Bu web sitesinde a\u015fa\u011f\u0131daki \u00e7erez t\u00fcrlerini kullan\u0131yoruz: a) TeknikCookies(Gerekli) Gezinmeye ve web sitesinin form y\u00f6netimi veya \u00f6zel alanlara [&hellip;]\" \/>\n<meta property=\"og:url\" content=\"https:\/\/mardihills.com\/tr\/cookies\/\" \/>\n<meta property=\"og:site_name\" content=\"Mardi Hills\" \/>\n<meta name=\"twitter:card\" content=\"summary_large_image\" \/>\n<meta name=\"twitter:label1\" content=\"Tahmini okuma s\u00fcresi\" \/>\n\t<meta name=\"twitter:data1\" content=\"3 dakika\" \/>\n<script type=\"application\/ld+json\" class=\"yoast-schema-graph\">{\"@context\":\"https:\/\/schema.org\",\"@graph\":[{\"@type\":\"WebPage\",\"@id\":\"https:\/\/mardihills.com\/tr\/cookies\/\",\"url\":\"https:\/\/mardihills.com\/tr\/cookies\/\",\"name\":\"\u00c7erez Politikas\u0131 | Mardi Hills\",\"isPartOf\":{\"@id\":\"https:\/\/mardihills.com\/#website\"},\"datePublished\":\"2026-03-16T18:45:21+00:00\",\"breadcrumb\":{\"@id\":\"https:\/\/mardihills.com\/tr\/cookies\/#breadcrumb\"},\"inLanguage\":\"tr\",\"potentialAction\":[{\"@type\":\"ReadAction\",\"target\":[\"https:\/\/mardihills.com\/tr\/cookies\/\"]}]},{\"@type\":\"BreadcrumbList\",\"@id\":\"https:\/\/mardihills.com\/tr\/cookies\/#breadcrumb\",\"itemListElement\":[{\"@type\":\"ListItem\",\"position\":1,\"name\":\"Portada\",\"item\":\"https:\/\/mardihills.com\/tr\/\"},{\"@type\":\"ListItem\",\"position\":2,\"name\":\"Cookies [TR]\"}]},{\"@type\":\"WebSite\",\"@id\":\"https:\/\/mardihills.com\/#website\",\"url\":\"https:\/\/mardihills.com\/\",\"name\":\"Mardi Hills\",\"description\":\"\",\"publisher\":{\"@id\":\"https:\/\/mardihills.com\/#organization\"},\"potentialAction\":[{\"@type\":\"SearchAction\",\"target\":{\"@type\":\"EntryPoint\",\"urlTemplate\":\"https:\/\/mardihills.com\/?s={search_term_string}\"},\"query-input\":{\"@type\":\"PropertyValueSpecification\",\"valueRequired\":true,\"valueName\":\"search_term_string\"}}],\"inLanguage\":\"tr\"},{\"@type\":\"Organization\",\"@id\":\"https:\/\/mardihills.com\/#organization\",\"name\":\"Mardi Hills\",\"url\":\"https:\/\/mardihills.com\/\",\"logo\":{\"@type\":\"ImageObject\",\"inLanguage\":\"tr\",\"@id\":\"https:\/\/mardihills.com\/#\/schema\/logo\/image\/\",\"url\":\"https:\/\/mardihills.com\/wp-content\/uploads\/2025\/11\/iconos-de-mapa_Mardi_negativo-scaled.png\",\"contentUrl\":\"https:\/\/mardihills.com\/wp-content\/uploads\/2025\/11\/iconos-de-mapa_Mardi_negativo-scaled.png\",\"width\":2560,\"height\":2560,\"caption\":\"Mardi Hills\"},\"image\":{\"@id\":\"https:\/\/mardihills.com\/#\/schema\/logo\/image\/\"}}]}<\/script>\n<!-- \/ Yoast SEO plugin. -->","yoast_head_json":{"title":"\u00c7erez Politikas\u0131 | Mardi Hills","robots":{"index":"index","follow":"follow","max-snippet":"max-snippet:-1","max-image-preview":"max-image-preview:large","max-video-preview":"max-video-preview:-1"},"canonical":"https:\/\/mardihills.com\/tr\/cookies\/","og_locale":"tr_TR","og_type":"article","og_title":"\u00c7erez Politikas\u0131 | Mardi Hills","og_description":"Cookies Son g\u00fcncelleme: 10 Eyl\u00fcl 2025 1. NedirCookies? Cookiesbir web sitesini ziyaret ederken kullan\u0131c\u0131n\u0131n cihaz\u0131na y\u00fckledi\u011fi k\u00fc\u00e7\u00fck metin dosyalar\u0131d\u0131r. Sitenin teknik i\u015fleyi\u015fini sa\u011flamaya, kullan\u0131m\u0131n\u0131 analiz etmeye ve baz\u0131 durumlarda g\u00f6sterilen i\u00e7erik ve reklamlar\u0131 ki\u015fiselle\u015ftirmeye yararlar. 2. T\u00fcrleriCookiesKullan\u0131yoruz Bu web sitesinde a\u015fa\u011f\u0131daki \u00e7erez t\u00fcrlerini kullan\u0131yoruz: a) TeknikCookies(Gerekli) Gezinmeye ve web sitesinin form y\u00f6netimi veya \u00f6zel alanlara [&hellip;]","og_url":"https:\/\/mardihills.com\/tr\/cookies\/","og_site_name":"Mardi Hills","twitter_card":"summary_large_image","twitter_misc":{"Tahmini okuma s\u00fcresi":"3 dakika"},"schema":{"@context":"https:\/\/schema.org","@graph":[{"@type":"WebPage","@id":"https:\/\/mardihills.com\/tr\/cookies\/","url":"https:\/\/mardihills.com\/tr\/cookies\/","name":"\u00c7erez Politikas\u0131 | Mardi Hills","isPartOf":{"@id":"https:\/\/mardihills.com\/#website"},"datePublished":"2026-03-16T18:45:21+00:00","breadcrumb":{"@id":"https:\/\/mardihills.com\/tr\/cookies\/#breadcrumb"},"inLanguage":"tr","potentialAction":[{"@type":"ReadAction","target":["https:\/\/mardihills.com\/tr\/cookies\/"]}]},{"@type":"BreadcrumbList","@id":"https:\/\/mardihills.com\/tr\/cookies\/#breadcrumb","itemListElement":[{"@type":"ListItem","position":1,"name":"Portada","item":"https:\/\/mardihills.com\/tr\/"},{"@type":"ListItem","position":2,"name":"Cookies [TR]"}]},{"@type":"WebSite","@id":"https:\/\/mardihills.com\/#website","url":"https:\/\/mardihills.com\/","name":"Mardi Hills","description":"","publisher":{"@id":"https:\/\/mardihills.com\/#organization"},"potentialAction":[{"@type":"SearchAction","target":{"@type":"EntryPoint","urlTemplate":"https:\/\/mardihills.com\/?s={search_term_string}"},"query-input":{"@type":"PropertyValueSpecification","valueRequired":true,"valueName":"search_term_string"}}],"inLanguage":"tr"},{"@type":"Organization","@id":"https:\/\/mardihills.com\/#organization","name":"Mardi Hills","url":"https:\/\/mardihills.com\/","logo":{"@type":"ImageObject","inLanguage":"tr","@id":"https:\/\/mardihills.com\/#\/schema\/logo\/image\/","url":"https:\/\/mardihills.com\/wp-content\/uploads\/2025\/11\/iconos-de-mapa_Mardi_negativo-scaled.png","contentUrl":"https:\/\/mardihills.com\/wp-content\/uploads\/2025\/11\/iconos-de-mapa_Mardi_negativo-scaled.png","width":2560,"height":2560,"caption":"Mardi Hills"},"image":{"@id":"https:\/\/mardihills.com\/#\/schema\/logo\/image\/"}}]}},"_links":{"self":[{"href":"https:\/\/mardihills.com\/tr\/wp-json\/wp\/v2\/pages\/1402","targetHints":{"allow":["GET"]}}],"collection":[{"href":"https:\/\/mardihills.com\/tr\/wp-json\/wp\/v2\/pages"}],"about":[{"href":"https:\/\/mardihills.com\/tr\/wp-json\/wp\/v2\/types\/page"}],"author":[{"embeddable":true,"href":"https:\/\/mardihills.com\/tr\/wp-json\/wp\/v2\/users\/13"}],"replies":[{"embeddable":true,"href":"https:\/\/mardihills.com\/tr\/wp-json\/wp\/v2\/comments?post=1402"}],"version-history":[{"count":0,"href":"https:\/\/mardihills.com\/tr\/wp-json\/wp\/v2\/pages\/1402\/revisions"}],"wp:attachment":[{"href":"https:\/\/mardihills.com\/tr\/wp-json\/wp\/v2\/media?parent=1402"}],"curies":[{"name":"wp","href":"https:\/\/api.w.org\/{rel}","templated":true}]}}