{"id":1401,"date":"2026-03-16T18:44:36","date_gmt":"2026-03-16T18:44:36","guid":{"rendered":"https:\/\/mardihills.com\/?page_id=167&amp;lang=tr"},"modified":"2026-03-16T18:44:36","modified_gmt":"2026-03-16T18:44:36","slug":"privacy","status":"publish","type":"page","link":"https:\/\/mardihills.com\/tr\/privacy\/","title":{"rendered":"Privacy [TR]"},"content":{"rendered":"\t\t<div data-elementor-type=\"wp-page\" data-elementor-id=\"1401\" class=\"elementor elementor-1401 elementor-167\" data-elementor-post-type=\"page\">\n\t\t\t\t<div class=\"elementor-element elementor-element-4a65951 e-flex e-con-boxed e-con e-parent\" data-id=\"4a65951\" data-element_type=\"container\" data-e-type=\"container\">\n\t\t\t\t\t<div class=\"e-con-inner\">\n\t\t\t\t<div class=\"elementor-element elementor-element-cbb105e elementor-widget elementor-widget-text-editor\" data-id=\"cbb105e\" data-element_type=\"widget\" data-e-type=\"widget\" data-widget_type=\"text-editor.default\">\n\t\t\t\t\t\t\t\t\t<h1>Veri Koruma &#8211; Promosyon Web Siteleri<\/h1><p>Son g\u00fcncelleme: 10 Eyl\u00fcl 2025<\/p><h2>1. Veri Denetleyicisi<\/h2><p>Vergi Numaras\u0131 B16420051 olan ve kay\u0131tl\u0131 ofisi Calle Jovellanos, 10 BAJO IZQ \u2013 33206 Gij\u00f3n (Asturias) adresinde bulunan Evoost Real Tech S.L., bu web sitesi ve bu politikaya at\u0131fta bulunan harici kanallar arac\u0131l\u0131\u011f\u0131yla toplanan ki\u015fisel verilerin i\u015flenmesinden sorumlu kurulu\u015ftur. \u0130leti\u015fim e-postas\u0131: protecciondedatos@evoost.ai<\/p><h2>2. Toplanan Ki\u015fisel Verilerin Kategorileri<\/h2><p>A\u015fa\u011f\u0131daki ki\u015fisel veri kategorilerini i\u015fleyebiliriz:<\/p><ul><li><strong>Kimlik verileri:<\/strong>ad, soyadlar<\/li><li><strong>\u0130leti\u015fim verileri:<\/strong>e-posta, telefon numaras\u0131<\/li><li><strong>Konum verileri veya ilgi alan\u0131<\/strong><\/li><li><strong>Profil ve m\u00fclk sat\u0131n alma motivasyonuna ili\u015fkin veriler<\/strong><\/li><li><strong>Gezinme ve web etkile\u015fimi verileri<\/strong><\/li><li><strong>Sesli asistanlar taraf\u0131ndan olu\u015fturulan kay\u0131tlar veya transkripsiyonlar<\/strong><\/li><li><strong>Anl\u0131k mesajla\u015fma yoluyla g\u00f6r\u00fc\u015fmeler<\/strong>(WhatsApp Business gibi)<\/li><li><strong>\u00c7evrimi\u00e7i tan\u0131mlay\u0131c\u0131lar, IP ve tarama al\u0131\u015fkanl\u0131klar\u0131<\/strong>\u00c7erezler arac\u0131l\u0131\u011f\u0131yla toplanan<\/li><\/ul><h2>3. Veri Kayna\u011f\u0131<\/h2><p>Veriler a\u015fa\u011f\u0131dakiler arac\u0131l\u0131\u011f\u0131yla toplan\u0131r:<\/p><ul><li>Web sitesindeki ileti\u015fim formlar\u0131<\/li><li>Evoost taraf\u0131ndan y\u00f6netilen otomatik hizmet kanallar\u0131:<ul><li>Sanal sesli asistan<\/li><li>Web&#8217;e entegre edilmi\u015f konu\u015fma arac\u0131s\u0131<\/li><li>Anl\u0131k mesajla\u015fma kanal\u0131 (WhatsApp Business)<\/li><\/ul><\/li><li>Ticari eylemler veya olaylar<\/li><li>Cookiesve benzer teknolojiler (bkz. b\u00f6l\u00fcm 13)<\/li><\/ul><p>WhatsApp gibi harici kanallar s\u00f6z konusu oldu\u011funda kullan\u0131c\u0131, WhatsApp&#8217;\u0131n gizlilik politikas\u0131na da tabi olabilir.<\/p><h2>4. \u0130\u015flemenin Amac\u0131<\/h2><p>Veriler a\u015fa\u011f\u0131daki ama\u00e7larla i\u015flenecektir:<\/p><ul><li>Gayrimenkul geli\u015fmeleriyle ilgili sorular\u0131n\u0131za ve ilgi alanlar\u0131n\u0131za kat\u0131l\u0131n<\/li><li>Bilgi ve ticari ileti\u015fim y\u00f6netimi<\/li><li>Kullan\u0131c\u0131lar\u0131n segmentasyonunu ve ticari kalifikasyonunu ger\u00e7ekle\u015ftirin<\/li><li>\u0130statistiksel analiz ve i\u00e7 pazar \u00e7al\u0131\u015fmalar\u0131 y\u00fcr\u00fctmek<\/li><li>Ticari takip ve\/veya m\u00fclklerin rezervasyon ve sat\u0131\u015f s\u00fcreci i\u00e7in verileri Mardi Waterfront LLC&#8217;ye iletin<\/li><li>Google Analytics gibi analiz ara\u00e7lar\u0131n\u0131 kullanarak sitedeki kullan\u0131c\u0131 davran\u0131\u015f\u0131n\u0131 analiz edin<\/li><\/ul><h2>5. \u0130\u015flemenin Yasal Dayana\u011f\u0131<\/h2><p>Veri i\u015fleme a\u015fa\u011f\u0131dakilere dayanmaktad\u0131r:<\/p><ul><li>Kullan\u0131c\u0131n\u0131n a\u00e7\u0131k r\u0131zas\u0131<\/li><li>Kontrol\u00f6r\u00fcn geli\u015fmelerle ilgilenen ki\u015filerle ileti\u015fimi s\u00fcrd\u00fcrme konusundaki me\u015fru menfaati<\/li><li>\u0130lgili taraf\u0131n talep etti\u011fi s\u00f6zle\u015fme \u00f6ncesi tedbirlerin yerine getirilmesi<\/li><\/ul><h2>6. Veri Al\u0131c\u0131lar\u0131<\/h2><p>Veriler a\u015fa\u011f\u0131dakilere iletilebilir:<\/p><ul><li>geli\u015ftirici<strong>Mardi Sahil LLC<\/strong>ba\u011f\u0131ms\u0131z bir y\u00f6netici olarak ticari y\u00f6netim amac\u0131yla<\/li><li>A\u015fa\u011f\u0131dakiler dahil olmak \u00fczere, veri i\u015fleyicisi olarak hareket eden sa\u011flay\u0131c\u0131lar:<ul><li>\u0130leti\u015fim g\u00f6nderme platformlar\u0131<\/li><li>Otomatik m\u00fc\u015fteri hizmetleri ara\u00e7lar\u0131 ve CRM<\/li><li>Analytics hizmetleri (Google Analytics gibi)<\/li><li>Harici mesajla\u015fma hizmetleri (WhatsApp Business gibi)<\/li><\/ul><\/li><\/ul><p>Kullan\u0131c\u0131 WhatsApp arac\u0131l\u0131\u011f\u0131yla etkile\u015fimde bulundu\u011funda veya Google Analytics taraf\u0131ndan analiz edilen i\u00e7eri\u011fe eri\u015fti\u011finde, verileri a\u015fa\u011f\u0131daki adreste bulunan ilgili gizlilik politikalar\u0131na g\u00f6re de i\u015flenebilir:<\/p><ul><li>Google \u2013 Gizlilik Politikas\u0131<\/li><li>WhatsApp \u2013 Gizlilik Politikas\u0131<\/li><\/ul><h2>7. Uluslararas\u0131 Veri Aktar\u0131mlar\u0131<\/h2><p>Baz\u0131 durumlarda veriler, \u00f6rne\u011fin analitik veya ileti\u015fim hizmetleri yoluyla Avrupa Ekonomik Alan\u0131 d\u0131\u015f\u0131nda i\u015flenebilir. Bu gibi durumlarda a\u015fa\u011f\u0131dakiler gibi uygun \u00f6nlemler uygulanacakt\u0131r:<\/p><ul><li>Avrupa Komisyonu taraf\u0131ndan onaylanan standart s\u00f6zle\u015fme maddeleri<\/li><li>AB-ABD&#8217;ye ba\u011fl\u0131l\u0131k veri koruma \u00e7er\u00e7evesi<\/li><li>\u015eifreleme veya takma ad verme gibi tamamlay\u0131c\u0131 g\u00fcvenlik mekanizmalar\u0131<\/li><\/ul><h2>8. Saklama S\u00fcreleri<\/h2><p>Veriler saklanacakt\u0131r:<\/p><ul><li>Kullan\u0131c\u0131 ile aktif bir ili\u015fki varken veya kullan\u0131c\u0131 silme talebinde bulununcaya kadar<\/li><li>Son ticari temastan itibaren 5 y\u0131la kadar<\/li><li>Yasal y\u00fck\u00fcml\u00fcl\u00fcklerin gerektirdi\u011fi s\u00fcrelerde<\/li><\/ul><h2>9. Kullan\u0131c\u0131 Haklar\u0131<\/h2><p>Kullan\u0131c\u0131 \u015funlar\u0131 yapma hakk\u0131na sahiptir:<\/p><ul><li>Verilerine eri\u015fin, d\u00fczeltin veya silin<\/li><li>K\u0131s\u0131tlama talep edin veya i\u015fleme itiraz edin<\/li><li>Ta\u015f\u0131nabilirlik hakk\u0131n\u0131 kullanmak<\/li><li>Onay\u0131n\u0131z\u0131 istedi\u011finiz zaman geri \u00e7ekin<\/li><li>\u0130spanyol Veri Koruma Ajans\u0131&#8217;na (www.aepd.es) \u015fikayette bulunun<\/li><\/ul><p>Bu haklar\u0131 kullanmak i\u00e7in a\u015fa\u011f\u0131daki ki\u015filerle ileti\u015fime ge\u00e7ebilirsiniz:<\/p><ul><li><strong>E-posta:<\/strong>protecciondedatos@evoost.ai<\/li><li><strong>Adres:<\/strong>Calle Jovellanos, 10 BAJO IZQ \u2013 33206 Gij\u00f3n (Asturias)<\/li><\/ul><h2>10. G\u00fcvenlik \u00d6nlemleri<\/h2><p>GDPR&#8217;nin 32. Maddesi uyar\u0131nca ki\u015fisel verileri yetkisiz eri\u015fime, kaybolmaya, de\u011fi\u015ftirilmeye veya imhaya kar\u015f\u0131 korumak i\u00e7in uygun teknik ve organizasyonel \u00f6nlemler al\u0131nm\u0131\u015ft\u0131r.<\/p><h2>11. Talep Edilen Verilerin Zorunlu Niteli\u011fi<\/h2><p>Formlarda y\u0131ld\u0131z (*) ile i\u015faretlenen t\u00fcm alanlar\u0131n doldurulmas\u0131 zorunludur. Bu verilerin bulunmamas\u0131, kullan\u0131c\u0131n\u0131n talebinin gerekti\u011fi gibi yerine getirilmesini engelleyebilir.<\/p><h2>12. Gizlilik Politikas\u0131ndaki De\u011fi\u015fiklikler<\/h2><p>Bu politika yasal veya teknik de\u011fi\u015fiklikler sonucunda g\u00fcncellenebilir. Herhangi bir de\u011fi\u015fiklik web sitesinde bir bildirimle bildirilecektir.<\/p><p>Son g\u00fcncelleme: 30 Haziran 2025<\/p><h2>13. Kullan\u0131m\u0131Cookies<\/h2><p>Bu web sitesi hem kendisinin hem de \u00fc\u00e7\u00fcnc\u00fc taraflar\u0131n teknik, analitik ve reklam \u00e7erezlerini kullan\u0131r. Bunlara, IP adresi, oturum tan\u0131mlay\u0131c\u0131lar\u0131, ziyaret edilen sayfalar ve g\u00f6z atma s\u00fcresi gibi ki\u015fisel verileri i\u015fleyen Google Analytics \u00e7erezleri dahildir. Bu bilgiler istatistiksel ama\u00e7larla, hizmeti geli\u015ftirmek ve kullan\u0131c\u0131ya g\u00f6sterilen i\u00e7eri\u011fi ki\u015fiselle\u015ftirmek i\u00e7in kullan\u0131l\u0131r. Google Analytics&#8217;in kullan\u0131lmas\u0131, Google&#8217;\u0131n gizlilik politikas\u0131na g\u00f6re veri i\u015flemesi anlam\u0131na gelir. Daha fazla bilgi i\u00e7in [\u00c7erez Politikam\u0131za] bak\u0131n.<\/p>\t\t\t\t\t\t\t\t<\/div>\n\t\t\t\t\t<\/div>\n\t\t\t\t<\/div>\n\t\t\t\t<\/div>\n\t\t","protected":false},"excerpt":{"rendered":"<p>Veri Koruma &#8211; Promosyon Web Siteleri Son g\u00fcncelleme: 10 Eyl\u00fcl 2025 1. Veri Denetleyicisi Vergi Numaras\u0131 B16420051 olan ve kay\u0131tl\u0131 ofisi Calle Jovellanos, 10 BAJO IZQ \u2013 33206 Gij\u00f3n (Asturias) adresinde bulunan Evoost Real Tech S.L., bu web sitesi ve bu politikaya at\u0131fta bulunan harici kanallar arac\u0131l\u0131\u011f\u0131yla toplanan ki\u015fisel verilerin i\u015flenmesinden sorumlu kurulu\u015ftur. \u0130leti\u015fim e-postas\u0131: [&hellip;]<\/p>\n","protected":false},"author":13,"featured_media":0,"parent":0,"menu_order":0,"comment_status":"closed","ping_status":"closed","template":"","meta":{"_acf_changed":false,"footnotes":""},"class_list":["post-1401","page","type-page","status-publish","hentry"],"acf":[],"yoast_head":"<!-- This site is optimized with the Yoast SEO plugin v27.0 - https:\/\/yoast.com\/product\/yoast-seo-wordpress\/ -->\n<title>Gizlilik Politikas\u0131 | Mardi Hills<\/title>\n<meta name=\"robots\" content=\"index, follow, max-snippet:-1, max-image-preview:large, max-video-preview:-1\" \/>\n<link rel=\"canonical\" href=\"https:\/\/mardihills.com\/tr\/privacy\/\" \/>\n<meta property=\"og:locale\" content=\"tr_TR\" \/>\n<meta property=\"og:type\" content=\"article\" \/>\n<meta property=\"og:title\" content=\"Gizlilik Politikas\u0131 | Mardi Hills\" \/>\n<meta property=\"og:description\" content=\"Veri Koruma &#8211; Promosyon Web Siteleri Son g\u00fcncelleme: 10 Eyl\u00fcl 2025 1. Veri Denetleyicisi Vergi Numaras\u0131 B16420051 olan ve kay\u0131tl\u0131 ofisi Calle Jovellanos, 10 BAJO IZQ \u2013 33206 Gij\u00f3n (Asturias) adresinde bulunan Evoost Real Tech S.L., bu web sitesi ve bu politikaya at\u0131fta bulunan harici kanallar arac\u0131l\u0131\u011f\u0131yla toplanan ki\u015fisel verilerin i\u015flenmesinden sorumlu kurulu\u015ftur. \u0130leti\u015fim e-postas\u0131: [&hellip;]\" \/>\n<meta property=\"og:url\" content=\"https:\/\/mardihills.com\/tr\/privacy\/\" \/>\n<meta property=\"og:site_name\" content=\"Mardi Hills\" \/>\n<meta name=\"twitter:card\" content=\"summary_large_image\" \/>\n<meta name=\"twitter:label1\" content=\"Tahmini okuma s\u00fcresi\" \/>\n\t<meta name=\"twitter:data1\" content=\"4 dakika\" \/>\n<script type=\"application\/ld+json\" class=\"yoast-schema-graph\">{\"@context\":\"https:\/\/schema.org\",\"@graph\":[{\"@type\":\"WebPage\",\"@id\":\"https:\/\/mardihills.com\/tr\/privacy\/\",\"url\":\"https:\/\/mardihills.com\/tr\/privacy\/\",\"name\":\"Gizlilik Politikas\u0131 | Mardi Hills\",\"isPartOf\":{\"@id\":\"https:\/\/mardihills.com\/#website\"},\"datePublished\":\"2026-03-16T18:44:36+00:00\",\"breadcrumb\":{\"@id\":\"https:\/\/mardihills.com\/tr\/privacy\/#breadcrumb\"},\"inLanguage\":\"tr\",\"potentialAction\":[{\"@type\":\"ReadAction\",\"target\":[\"https:\/\/mardihills.com\/tr\/privacy\/\"]}]},{\"@type\":\"BreadcrumbList\",\"@id\":\"https:\/\/mardihills.com\/tr\/privacy\/#breadcrumb\",\"itemListElement\":[{\"@type\":\"ListItem\",\"position\":1,\"name\":\"Portada\",\"item\":\"https:\/\/mardihills.com\/tr\/\"},{\"@type\":\"ListItem\",\"position\":2,\"name\":\"Privacy [TR]\"}]},{\"@type\":\"WebSite\",\"@id\":\"https:\/\/mardihills.com\/#website\",\"url\":\"https:\/\/mardihills.com\/\",\"name\":\"Mardi Hills\",\"description\":\"\",\"publisher\":{\"@id\":\"https:\/\/mardihills.com\/#organization\"},\"potentialAction\":[{\"@type\":\"SearchAction\",\"target\":{\"@type\":\"EntryPoint\",\"urlTemplate\":\"https:\/\/mardihills.com\/?s={search_term_string}\"},\"query-input\":{\"@type\":\"PropertyValueSpecification\",\"valueRequired\":true,\"valueName\":\"search_term_string\"}}],\"inLanguage\":\"tr\"},{\"@type\":\"Organization\",\"@id\":\"https:\/\/mardihills.com\/#organization\",\"name\":\"Mardi Hills\",\"url\":\"https:\/\/mardihills.com\/\",\"logo\":{\"@type\":\"ImageObject\",\"inLanguage\":\"tr\",\"@id\":\"https:\/\/mardihills.com\/#\/schema\/logo\/image\/\",\"url\":\"https:\/\/mardihills.com\/wp-content\/uploads\/2025\/11\/iconos-de-mapa_Mardi_negativo-scaled.png\",\"contentUrl\":\"https:\/\/mardihills.com\/wp-content\/uploads\/2025\/11\/iconos-de-mapa_Mardi_negativo-scaled.png\",\"width\":2560,\"height\":2560,\"caption\":\"Mardi Hills\"},\"image\":{\"@id\":\"https:\/\/mardihills.com\/#\/schema\/logo\/image\/\"}}]}<\/script>\n<!-- \/ Yoast SEO plugin. -->","yoast_head_json":{"title":"Gizlilik Politikas\u0131 | Mardi Hills","robots":{"index":"index","follow":"follow","max-snippet":"max-snippet:-1","max-image-preview":"max-image-preview:large","max-video-preview":"max-video-preview:-1"},"canonical":"https:\/\/mardihills.com\/tr\/privacy\/","og_locale":"tr_TR","og_type":"article","og_title":"Gizlilik Politikas\u0131 | Mardi Hills","og_description":"Veri Koruma &#8211; Promosyon Web Siteleri Son g\u00fcncelleme: 10 Eyl\u00fcl 2025 1. Veri Denetleyicisi Vergi Numaras\u0131 B16420051 olan ve kay\u0131tl\u0131 ofisi Calle Jovellanos, 10 BAJO IZQ \u2013 33206 Gij\u00f3n (Asturias) adresinde bulunan Evoost Real Tech S.L., bu web sitesi ve bu politikaya at\u0131fta bulunan harici kanallar arac\u0131l\u0131\u011f\u0131yla toplanan ki\u015fisel verilerin i\u015flenmesinden sorumlu kurulu\u015ftur. \u0130leti\u015fim e-postas\u0131: [&hellip;]","og_url":"https:\/\/mardihills.com\/tr\/privacy\/","og_site_name":"Mardi Hills","twitter_card":"summary_large_image","twitter_misc":{"Tahmini okuma s\u00fcresi":"4 dakika"},"schema":{"@context":"https:\/\/schema.org","@graph":[{"@type":"WebPage","@id":"https:\/\/mardihills.com\/tr\/privacy\/","url":"https:\/\/mardihills.com\/tr\/privacy\/","name":"Gizlilik Politikas\u0131 | Mardi Hills","isPartOf":{"@id":"https:\/\/mardihills.com\/#website"},"datePublished":"2026-03-16T18:44:36+00:00","breadcrumb":{"@id":"https:\/\/mardihills.com\/tr\/privacy\/#breadcrumb"},"inLanguage":"tr","potentialAction":[{"@type":"ReadAction","target":["https:\/\/mardihills.com\/tr\/privacy\/"]}]},{"@type":"BreadcrumbList","@id":"https:\/\/mardihills.com\/tr\/privacy\/#breadcrumb","itemListElement":[{"@type":"ListItem","position":1,"name":"Portada","item":"https:\/\/mardihills.com\/tr\/"},{"@type":"ListItem","position":2,"name":"Privacy [TR]"}]},{"@type":"WebSite","@id":"https:\/\/mardihills.com\/#website","url":"https:\/\/mardihills.com\/","name":"Mardi Hills","description":"","publisher":{"@id":"https:\/\/mardihills.com\/#organization"},"potentialAction":[{"@type":"SearchAction","target":{"@type":"EntryPoint","urlTemplate":"https:\/\/mardihills.com\/?s={search_term_string}"},"query-input":{"@type":"PropertyValueSpecification","valueRequired":true,"valueName":"search_term_string"}}],"inLanguage":"tr"},{"@type":"Organization","@id":"https:\/\/mardihills.com\/#organization","name":"Mardi Hills","url":"https:\/\/mardihills.com\/","logo":{"@type":"ImageObject","inLanguage":"tr","@id":"https:\/\/mardihills.com\/#\/schema\/logo\/image\/","url":"https:\/\/mardihills.com\/wp-content\/uploads\/2025\/11\/iconos-de-mapa_Mardi_negativo-scaled.png","contentUrl":"https:\/\/mardihills.com\/wp-content\/uploads\/2025\/11\/iconos-de-mapa_Mardi_negativo-scaled.png","width":2560,"height":2560,"caption":"Mardi Hills"},"image":{"@id":"https:\/\/mardihills.com\/#\/schema\/logo\/image\/"}}]}},"_links":{"self":[{"href":"https:\/\/mardihills.com\/tr\/wp-json\/wp\/v2\/pages\/1401","targetHints":{"allow":["GET"]}}],"collection":[{"href":"https:\/\/mardihills.com\/tr\/wp-json\/wp\/v2\/pages"}],"about":[{"href":"https:\/\/mardihills.com\/tr\/wp-json\/wp\/v2\/types\/page"}],"author":[{"embeddable":true,"href":"https:\/\/mardihills.com\/tr\/wp-json\/wp\/v2\/users\/13"}],"replies":[{"embeddable":true,"href":"https:\/\/mardihills.com\/tr\/wp-json\/wp\/v2\/comments?post=1401"}],"version-history":[{"count":0,"href":"https:\/\/mardihills.com\/tr\/wp-json\/wp\/v2\/pages\/1401\/revisions"}],"wp:attachment":[{"href":"https:\/\/mardihills.com\/tr\/wp-json\/wp\/v2\/media?parent=1401"}],"curies":[{"name":"wp","href":"https:\/\/api.w.org\/{rel}","templated":true}]}}