{"id":1400,"date":"2026-03-16T18:45:12","date_gmt":"2026-03-16T18:45:12","guid":{"rendered":"https:\/\/mardihills.com\/?page_id=165&amp;lang=tr"},"modified":"2026-03-16T18:45:12","modified_gmt":"2026-03-16T18:45:12","slug":"legal","status":"publish","type":"page","link":"https:\/\/mardihills.com\/tr\/legal\/","title":{"rendered":"Legal [TR]"},"content":{"rendered":"\t\t<div data-elementor-type=\"wp-page\" data-elementor-id=\"1400\" class=\"elementor elementor-1400 elementor-165\" data-elementor-post-type=\"page\">\n\t\t\t\t<div class=\"elementor-element elementor-element-206f92d1 e-flex e-con-boxed e-con e-parent\" data-id=\"206f92d1\" data-element_type=\"container\" data-e-type=\"container\">\n\t\t\t\t\t<div class=\"e-con-inner\">\n\t\t\t\t<div class=\"elementor-element elementor-element-6ddc98b2 elementor-widget elementor-widget-text-editor\" data-id=\"6ddc98b2\" data-element_type=\"widget\" data-e-type=\"widget\" data-widget_type=\"text-editor.default\">\n\t\t\t\t\t\t\t\t\t<h1>Yasal Uyar\u0131<\/h1>\n<p>Bu web sitesinden sorumlu olan ve bundan sonra SORUMLU olarak an\u0131lacak olan Evoost Real Tech S.L., 11 Temmuz tarihli, 34\/2002 say\u0131l\u0131 Bilgi Toplumu Hizmetleri ve Elektronik Ticaret (LSSICE), BOE No. 166 Kanununda belirlenen y\u00fck\u00fcml\u00fcl\u00fcklere uymak ve ayr\u0131ca t\u00fcm web sitesi kullan\u0131c\u0131lar\u0131n\u0131 kullan\u0131m ko\u015fullar\u0131 hakk\u0131nda bilgilendirmek amac\u0131yla bu belgeyi kullan\u0131c\u0131lara sunar.<\/p>\n<p>Bu web sitesine eri\u015fen herhangi bir ki\u015fi, burada belirlenen h\u00fck\u00fcmlere ve ge\u00e7erli olabilecek di\u011fer yasal h\u00fck\u00fcmlere uymay\u0131 ve bunlara titizlikle uymay\u0131 taahh\u00fct ederek kullan\u0131c\u0131 rol\u00fcn\u00fc \u00fcstlenir.<\/p>\n<p>Evoost Real Tech S.L. Evoost Real Tech S.L.&#8217;de yay\u0131nland\u0131\u011f\u0131n\u0131 kabul ederek, \u00f6nceden bildirimde bulunma veya bu t\u00fcr y\u00fck\u00fcml\u00fcl\u00fckler konusunda kullan\u0131c\u0131lar\u0131 bilgilendirme y\u00fck\u00fcml\u00fcl\u00fc\u011f\u00fc olmaks\u0131z\u0131n web sitesinde g\u00f6r\u00fcnebilecek her t\u00fcrl\u00fc bilgiyi de\u011fi\u015ftirme hakk\u0131n\u0131 sakl\u0131 tutar. web sitesi yeterlidir.<\/p>\n<h2>1. Kimlik Verileri<\/h2>\n<ul>\n<li><strong>Alan ad\u0131:<\/strong>https:\/\/mardihills.com\/<\/li>\n<li><strong>Ticari isim:<\/strong>Evoost Real Tech S.L.<\/li>\n<li><strong>Firma Ad\u0131:<\/strong>Evoost Real Tech S.L.<\/li>\n<li><strong>Vergi Numaras\u0131:<\/strong>B16420051<\/li>\n<li><strong>Kay\u0131tl\u0131 ofis:<\/strong>C\/ Jovellanos 10 BAJOIZQ, 33206 GIJON (ASTURIAS)<\/li>\n<li><strong>E-posta:<\/strong>protecciondedatos@evoost.ai<\/li>\n<\/ul>\n<h2>2. Fikri ve S\u0131nai M\u00fclkiyet Haklar\u0131<\/h2>\n<p>Web sitesi, di\u011ferlerinin yan\u0131 s\u0131ra, programlanmas\u0131, d\u00fczenlenmesi, derlenmesi ve i\u015fleyi\u015fi i\u00e7in gerekli di\u011fer unsurlar, tasar\u0131mlar, logolar, metinler ve\/veya grafikler SORUMLU&#8217;nun m\u00fclkiyetindedir veya ge\u00e7erli oldu\u011fu durumlarda, yazarlardan a\u00e7\u0131k lisans veya yetkiye sahiptir. Web sitesinin t\u00fcm i\u00e7eri\u011fi, fikri ve s\u0131nai m\u00fclkiyet mevzuat\u0131 ile usul\u00fcne uygun olarak korunmakta olup, ilgili kamu sicillerinde kay\u0131tl\u0131d\u0131r.<\/p>\n<p>Ama\u00e7lanan ama\u00e7 ne olursa olsun, tamamen veya k\u0131smen \u00e7o\u011falt\u0131lmas\u0131, kullan\u0131lmas\u0131, kullan\u0131lmas\u0131, da\u011f\u0131t\u0131lmas\u0131 ve ticarile\u015ftirilmesi, her durumda SORUMLU&#8217;nun \u00f6nceden yaz\u0131l\u0131 iznini gerektirir. Daha \u00f6nce izin verilmeyen herhangi bir kullan\u0131m, yazar\u0131n fikri veya s\u0131nai m\u00fclkiyet haklar\u0131n\u0131n ciddi bir ihlali olarak kabul edilir.<\/p>\n<p>Sitede yer alan, SORUMLU&#8217;ya ait olmayan tasar\u0131m, logo, yaz\u0131 ve\/veya grafikler ilgili sahiplerine ait olup, bunlarla ilgili do\u011fabilecek her t\u00fcrl\u00fc ihtilaftan kendileri sorumludur. SORUMLU, \u00fc\u00e7\u00fcnc\u00fc \u015fah\u0131slara web sitesinin belirli i\u00e7eriklerine do\u011frudan y\u00f6nlendirme yapma ve her durumda http:\/\/www.evoost.ai\/ ana web sitesine y\u00f6nlendirme yapma konusunda a\u00e7\u0131k\u00e7a yetki vermektedir.<\/p>\n<p>SORUMLU, sahiplerinin lehine ilgili fikri ve s\u0131nai m\u00fclkiyet haklar\u0131n\u0131 tan\u0131r ve web sitesinde bunlar\u0131n yaln\u0131zca belirtilmesi veya g\u00f6r\u00fcnmesi, bunlar \u00fczerinde herhangi bir hak veya sorumlulu\u011fun varl\u0131\u011f\u0131 veya kendi ad\u0131na onay, sponsorluk veya tavsiye anlam\u0131na gelmez.<\/p>\n<p>Herhangi bir web sitesi i\u00e7eri\u011finin yan\u0131 s\u0131ra fikri veya s\u0131nai m\u00fclkiyet haklar\u0131n\u0131n olas\u0131 ihlallerine ili\u015fkin her t\u00fcrl\u00fc g\u00f6zlemi hello@evoost.ai e-postas\u0131 arac\u0131l\u0131\u011f\u0131yla yapabilirsiniz.<\/p>\n<h2>3. Sorumluluk reddi beyan\u0131<\/h2>\n<p>SORUMLU, web sitesinde yay\u0131nlanan bilgilerden, bu bilgilerin kendisi d\u0131\u015f\u0131nda \u00fc\u00e7\u00fcnc\u00fc bir ki\u015fi taraf\u0131ndan manip\u00fcle edilmesi veya tan\u0131t\u0131lmas\u0131 durumunda do\u011facak her t\u00fcrl\u00fc sorumluluktan muaft\u0131r.<\/p>\n<h3>Ba\u011flant\u0131 Politikas\u0131<\/h3>\n<p>Web sitesinden \u00fc\u00e7\u00fcnc\u00fc taraf web sitelerinin i\u00e7eri\u011fine y\u00f6nlendirme yapmak m\u00fcmk\u00fcnd\u00fcr. SORUMLU, \u00fc\u00e7\u00fcnc\u00fc \u015fah\u0131slar\u0131n kendi sitelerine sundu\u011fu i\u00e7erikleri her zaman kontrol edemedi\u011finden, bu i\u00e7eriklere ili\u015fkin herhangi bir sorumluluk \u00fcstlenmez. Her durumda, ulusal veya uluslararas\u0131 mevzuata, ahlaka veya kamu d\u00fczenine ayk\u0131r\u0131 olabilecek her t\u00fcrl\u00fc i\u00e7eri\u011fi derhal yay\u0131ndan kald\u0131racak, ilgili siteye yap\u0131lan y\u00f6nlendirmeleri derhal kald\u0131racak ve s\u00f6z konusu i\u00e7eri\u011fi yetkili makamlara bildirecektir.<\/p>\n<p>SORUMLU, \u00f6rnek olarak ancak bunlarla s\u0131n\u0131rl\u0131 olmamak \u00fczere forumlarda, sohbetlerde, blog olu\u015fturucularda, yorumlarda, sosyal a\u011flarda veya \u00fc\u00e7\u00fcnc\u00fc taraflar\u0131n SORUMLU&#8217;nun web sitesinde ba\u011f\u0131ms\u0131z olarak i\u00e7erik yay\u0131nlamas\u0131na olanak tan\u0131yan di\u011fer ara\u00e7larda saklanan bilgi ve i\u00e7erikten sorumlu de\u011fildir. Ancak, LSSICE&#8217;\u0131n 11. ve 16. maddelerinin h\u00fck\u00fcmlerine uygun olarak, ulusal veya uluslararas\u0131 mevzuat\u0131, \u00fc\u00e7\u00fcnc\u00fc taraflar\u0131n haklar\u0131n\u0131 veya ahlak ve kamu d\u00fczenini etkileyebilecek veya bunlara ayk\u0131r\u0131 olabilecek t\u00fcm i\u00e7eriklerin kald\u0131r\u0131lmas\u0131 veya uygun oldu\u011fu durumlarda engellenmesi konusunda aktif olarak i\u015fbirli\u011fi yapan t\u00fcm kullan\u0131c\u0131lar\u0131n, yetkililerin ve g\u00fcvenlik g\u00fc\u00e7lerinin kullan\u0131m\u0131na sunulur. Kullan\u0131c\u0131, sitede bu s\u0131n\u0131fland\u0131rmaya tabi olabilecek herhangi bir i\u00e7eri\u011fin bulundu\u011funu d\u00fc\u015f\u00fcn\u00fcyorsa l\u00fctfen derhal site y\u00f6neticisine bilgi verin.<\/p>\n<p>Bu web sitesi incelendi ve d\u00fczg\u00fcn \u00e7al\u0131\u015f\u0131p \u00e7al\u0131\u015fmad\u0131\u011f\u0131 test edildi. Prensip olarak y\u0131l\u0131n 365 g\u00fcn\u00fc, g\u00fcn\u00fcn 24 saati do\u011fru \u00e7al\u0131\u015fma garanti edilebilir. Ancak SORUMLU, baz\u0131 programlama hatalar\u0131n\u0131n olabilece\u011fi veya web sitesine eri\u015fimi imkans\u0131z hale getiren m\u00fccbir sebeplerin, do\u011fal afetlerin, grevlerin veya benzeri durumlar\u0131n meydana gelme olas\u0131l\u0131\u011f\u0131n\u0131 d\u0131\u015flamaz.<\/p>\n<h3>IP Adresleri<\/h3>\n<p>Web sitesi sunucular\u0131, kullan\u0131c\u0131n\u0131n kulland\u0131\u011f\u0131 IP adresini ve alan ad\u0131n\u0131 otomatik olarak alg\u0131layabilir. IP adresi, bir bilgisayara \u0130nternet&#8217;e ba\u011fland\u0131\u011f\u0131nda otomatik olarak atanan bir numarad\u0131r. T\u00fcm bu bilgiler, yaln\u0131zca sayfa g\u00f6sterimlerinin say\u0131s\u0131n\u0131, web sunucular\u0131na yap\u0131lan ziyaretlerin say\u0131s\u0131n\u0131, ziyaret s\u0131ras\u0131n\u0131, eri\u015fim noktas\u0131n\u0131 vb. bilmeyi sa\u011flayan istatistiksel \u00f6l\u00e7\u00fcmler elde etmek amac\u0131yla sonraki veri i\u015flemeye izin veren bir sunucu etkinlik dosyas\u0131na kaydedilir.<\/p>\n<h2>4. Ge\u00e7erli Kanun ve Yarg\u0131 Yetkisi<\/h2>\n<p>Bu web sitesi veya \u00fczerinde geli\u015ftirilen faaliyetlerle ilgili t\u00fcm anla\u015fmazl\u0131klar\u0131n veya sorunlar\u0131n \u00e7\u00f6z\u00fcm\u00fc i\u00e7in, taraflar\u0131n a\u00e7\u0131k\u00e7a sundu\u011fu \u0130spanyol mevzuat\u0131 ge\u00e7erli olacak ve GIJON&#8217;a en yak\u0131n Mahkemeler ve Tribunaller, kullan\u0131m\u0131ndan kaynaklanan veya bununla ilgili t\u00fcm anla\u015fmazl\u0131klar\u0131n \u00e7\u00f6z\u00fcm\u00fcnde yetkili olacakt\u0131r.<\/p>\t\t\t\t\t\t\t\t<\/div>\n\t\t\t\t\t<\/div>\n\t\t\t\t<\/div>\n\t\t\t\t<\/div>\n\t\t","protected":false},"excerpt":{"rendered":"<p>Yasal Uyar\u0131 Bu web sitesinden sorumlu olan ve bundan sonra SORUMLU olarak an\u0131lacak olan Evoost Real Tech S.L., 11 Temmuz tarihli, 34\/2002 say\u0131l\u0131 Bilgi Toplumu Hizmetleri ve Elektronik Ticaret (LSSICE), BOE No. 166 Kanununda belirlenen y\u00fck\u00fcml\u00fcl\u00fcklere uymak ve ayr\u0131ca t\u00fcm web sitesi kullan\u0131c\u0131lar\u0131n\u0131 kullan\u0131m ko\u015fullar\u0131 hakk\u0131nda bilgilendirmek amac\u0131yla bu belgeyi kullan\u0131c\u0131lara sunar. Bu web sitesine [&hellip;]<\/p>\n","protected":false},"author":13,"featured_media":0,"parent":0,"menu_order":0,"comment_status":"closed","ping_status":"closed","template":"","meta":{"_acf_changed":false,"footnotes":""},"class_list":["post-1400","page","type-page","status-publish","hentry"],"acf":[],"yoast_head":"<!-- This site is optimized with the Yoast SEO plugin v27.0 - https:\/\/yoast.com\/product\/yoast-seo-wordpress\/ -->\n<title>Yasal Bildirim | Mardi Hills<\/title>\n<meta name=\"robots\" content=\"index, follow, max-snippet:-1, max-image-preview:large, max-video-preview:-1\" \/>\n<link rel=\"canonical\" href=\"https:\/\/mardihills.com\/tr\/legal\/\" \/>\n<meta property=\"og:locale\" content=\"tr_TR\" \/>\n<meta property=\"og:type\" content=\"article\" \/>\n<meta property=\"og:title\" content=\"Yasal Bildirim | Mardi Hills\" \/>\n<meta property=\"og:description\" content=\"Yasal Uyar\u0131 Bu web sitesinden sorumlu olan ve bundan sonra SORUMLU olarak an\u0131lacak olan Evoost Real Tech S.L., 11 Temmuz tarihli, 34\/2002 say\u0131l\u0131 Bilgi Toplumu Hizmetleri ve Elektronik Ticaret (LSSICE), BOE No. 166 Kanununda belirlenen y\u00fck\u00fcml\u00fcl\u00fcklere uymak ve ayr\u0131ca t\u00fcm web sitesi kullan\u0131c\u0131lar\u0131n\u0131 kullan\u0131m ko\u015fullar\u0131 hakk\u0131nda bilgilendirmek amac\u0131yla bu belgeyi kullan\u0131c\u0131lara sunar. Bu web sitesine [&hellip;]\" \/>\n<meta property=\"og:url\" content=\"https:\/\/mardihills.com\/tr\/legal\/\" \/>\n<meta property=\"og:site_name\" content=\"Mardi Hills\" \/>\n<meta name=\"twitter:card\" content=\"summary_large_image\" \/>\n<meta name=\"twitter:label1\" content=\"Tahmini okuma s\u00fcresi\" \/>\n\t<meta name=\"twitter:data1\" content=\"4 dakika\" \/>\n<script type=\"application\/ld+json\" class=\"yoast-schema-graph\">{\"@context\":\"https:\/\/schema.org\",\"@graph\":[{\"@type\":\"WebPage\",\"@id\":\"https:\/\/mardihills.com\/tr\/legal\/\",\"url\":\"https:\/\/mardihills.com\/tr\/legal\/\",\"name\":\"Yasal Bildirim | Mardi Hills\",\"isPartOf\":{\"@id\":\"https:\/\/mardihills.com\/#website\"},\"datePublished\":\"2026-03-16T18:45:12+00:00\",\"breadcrumb\":{\"@id\":\"https:\/\/mardihills.com\/tr\/legal\/#breadcrumb\"},\"inLanguage\":\"tr\",\"potentialAction\":[{\"@type\":\"ReadAction\",\"target\":[\"https:\/\/mardihills.com\/tr\/legal\/\"]}]},{\"@type\":\"BreadcrumbList\",\"@id\":\"https:\/\/mardihills.com\/tr\/legal\/#breadcrumb\",\"itemListElement\":[{\"@type\":\"ListItem\",\"position\":1,\"name\":\"Portada\",\"item\":\"https:\/\/mardihills.com\/tr\/\"},{\"@type\":\"ListItem\",\"position\":2,\"name\":\"Legal [TR]\"}]},{\"@type\":\"WebSite\",\"@id\":\"https:\/\/mardihills.com\/#website\",\"url\":\"https:\/\/mardihills.com\/\",\"name\":\"Mardi Hills\",\"description\":\"\",\"publisher\":{\"@id\":\"https:\/\/mardihills.com\/#organization\"},\"potentialAction\":[{\"@type\":\"SearchAction\",\"target\":{\"@type\":\"EntryPoint\",\"urlTemplate\":\"https:\/\/mardihills.com\/?s={search_term_string}\"},\"query-input\":{\"@type\":\"PropertyValueSpecification\",\"valueRequired\":true,\"valueName\":\"search_term_string\"}}],\"inLanguage\":\"tr\"},{\"@type\":\"Organization\",\"@id\":\"https:\/\/mardihills.com\/#organization\",\"name\":\"Mardi Hills\",\"url\":\"https:\/\/mardihills.com\/\",\"logo\":{\"@type\":\"ImageObject\",\"inLanguage\":\"tr\",\"@id\":\"https:\/\/mardihills.com\/#\/schema\/logo\/image\/\",\"url\":\"https:\/\/mardihills.com\/wp-content\/uploads\/2025\/11\/iconos-de-mapa_Mardi_negativo-scaled.png\",\"contentUrl\":\"https:\/\/mardihills.com\/wp-content\/uploads\/2025\/11\/iconos-de-mapa_Mardi_negativo-scaled.png\",\"width\":2560,\"height\":2560,\"caption\":\"Mardi Hills\"},\"image\":{\"@id\":\"https:\/\/mardihills.com\/#\/schema\/logo\/image\/\"}}]}<\/script>\n<!-- \/ Yoast SEO plugin. -->","yoast_head_json":{"title":"Yasal Bildirim | Mardi Hills","robots":{"index":"index","follow":"follow","max-snippet":"max-snippet:-1","max-image-preview":"max-image-preview:large","max-video-preview":"max-video-preview:-1"},"canonical":"https:\/\/mardihills.com\/tr\/legal\/","og_locale":"tr_TR","og_type":"article","og_title":"Yasal Bildirim | Mardi Hills","og_description":"Yasal Uyar\u0131 Bu web sitesinden sorumlu olan ve bundan sonra SORUMLU olarak an\u0131lacak olan Evoost Real Tech S.L., 11 Temmuz tarihli, 34\/2002 say\u0131l\u0131 Bilgi Toplumu Hizmetleri ve Elektronik Ticaret (LSSICE), BOE No. 166 Kanununda belirlenen y\u00fck\u00fcml\u00fcl\u00fcklere uymak ve ayr\u0131ca t\u00fcm web sitesi kullan\u0131c\u0131lar\u0131n\u0131 kullan\u0131m ko\u015fullar\u0131 hakk\u0131nda bilgilendirmek amac\u0131yla bu belgeyi kullan\u0131c\u0131lara sunar. Bu web sitesine [&hellip;]","og_url":"https:\/\/mardihills.com\/tr\/legal\/","og_site_name":"Mardi Hills","twitter_card":"summary_large_image","twitter_misc":{"Tahmini okuma s\u00fcresi":"4 dakika"},"schema":{"@context":"https:\/\/schema.org","@graph":[{"@type":"WebPage","@id":"https:\/\/mardihills.com\/tr\/legal\/","url":"https:\/\/mardihills.com\/tr\/legal\/","name":"Yasal Bildirim | Mardi Hills","isPartOf":{"@id":"https:\/\/mardihills.com\/#website"},"datePublished":"2026-03-16T18:45:12+00:00","breadcrumb":{"@id":"https:\/\/mardihills.com\/tr\/legal\/#breadcrumb"},"inLanguage":"tr","potentialAction":[{"@type":"ReadAction","target":["https:\/\/mardihills.com\/tr\/legal\/"]}]},{"@type":"BreadcrumbList","@id":"https:\/\/mardihills.com\/tr\/legal\/#breadcrumb","itemListElement":[{"@type":"ListItem","position":1,"name":"Portada","item":"https:\/\/mardihills.com\/tr\/"},{"@type":"ListItem","position":2,"name":"Legal [TR]"}]},{"@type":"WebSite","@id":"https:\/\/mardihills.com\/#website","url":"https:\/\/mardihills.com\/","name":"Mardi Hills","description":"","publisher":{"@id":"https:\/\/mardihills.com\/#organization"},"potentialAction":[{"@type":"SearchAction","target":{"@type":"EntryPoint","urlTemplate":"https:\/\/mardihills.com\/?s={search_term_string}"},"query-input":{"@type":"PropertyValueSpecification","valueRequired":true,"valueName":"search_term_string"}}],"inLanguage":"tr"},{"@type":"Organization","@id":"https:\/\/mardihills.com\/#organization","name":"Mardi Hills","url":"https:\/\/mardihills.com\/","logo":{"@type":"ImageObject","inLanguage":"tr","@id":"https:\/\/mardihills.com\/#\/schema\/logo\/image\/","url":"https:\/\/mardihills.com\/wp-content\/uploads\/2025\/11\/iconos-de-mapa_Mardi_negativo-scaled.png","contentUrl":"https:\/\/mardihills.com\/wp-content\/uploads\/2025\/11\/iconos-de-mapa_Mardi_negativo-scaled.png","width":2560,"height":2560,"caption":"Mardi Hills"},"image":{"@id":"https:\/\/mardihills.com\/#\/schema\/logo\/image\/"}}]}},"_links":{"self":[{"href":"https:\/\/mardihills.com\/tr\/wp-json\/wp\/v2\/pages\/1400","targetHints":{"allow":["GET"]}}],"collection":[{"href":"https:\/\/mardihills.com\/tr\/wp-json\/wp\/v2\/pages"}],"about":[{"href":"https:\/\/mardihills.com\/tr\/wp-json\/wp\/v2\/types\/page"}],"author":[{"embeddable":true,"href":"https:\/\/mardihills.com\/tr\/wp-json\/wp\/v2\/users\/13"}],"replies":[{"embeddable":true,"href":"https:\/\/mardihills.com\/tr\/wp-json\/wp\/v2\/comments?post=1400"}],"version-history":[{"count":0,"href":"https:\/\/mardihills.com\/tr\/wp-json\/wp\/v2\/pages\/1400\/revisions"}],"wp:attachment":[{"href":"https:\/\/mardihills.com\/tr\/wp-json\/wp\/v2\/media?parent=1400"}],"curies":[{"name":"wp","href":"https:\/\/api.w.org\/{rel}","templated":true}]}}