{"id":800,"date":"2026-03-16T18:45:12","date_gmt":"2026-03-16T18:45:12","guid":{"rendered":"https:\/\/mardihills.com\/mentions-legales\/"},"modified":"2026-03-06T09:04:36","modified_gmt":"2026-03-06T09:04:36","slug":"legal","status":"publish","type":"page","link":"https:\/\/mardihills.com\/fr\/legal\/","title":{"rendered":"Mentions l\u00e9gales"},"content":{"rendered":"\t\t<div data-elementor-type=\"wp-page\" data-elementor-id=\"800\" class=\"elementor elementor-800 elementor-1061\" data-elementor-post-type=\"page\">\n\t\t\t\t<div class=\"elementor-element elementor-element-206f92d1 e-flex e-con-boxed e-con e-parent\" data-id=\"206f92d1\" data-element_type=\"container\" data-e-type=\"container\">\n\t\t\t\t\t<div class=\"e-con-inner\">\n\t\t\t\t<div class=\"elementor-element elementor-element-6ddc98b2 elementor-widget elementor-widget-text-editor\" data-id=\"6ddc98b2\" data-element_type=\"widget\" data-e-type=\"widget\" data-widget_type=\"text-editor.default\">\n\t\t\t\t\t\t\t\t\t<h1>Avis juridique<\/h1>\n<p>Evoost Real Tech S.L., responsable de ce site web, ci-apr\u00e8s d\u00e9nomm\u00e9 le RESPONSABLE, met ce document \u00e0 la disposition des utilisateurs afin de se conformer aux obligations \u00e9tablies par la loi 34\/2002 du 11 juillet sur les services de la soci\u00e9t\u00e9 de l\u2019information et le commerce \u00e9lectronique (LSSICE), BOE n\u00b0 166, ainsi que d\u2019informer tous les utilisateurs du site web sur les conditions d\u2019utilisation.<\/p>\n<p>Toute personne acc\u00e9dant \u00e0 ce site web assume le r\u00f4le d\u2019utilisateur, s\u2019engageant \u00e0 observer et \u00e0 respecter rigoureusement les dispositions \u00e9tablies aux pr\u00e9sentes, ainsi que toute autre disposition l\u00e9gale applicable.<\/p>\n<p>Evoost Real Tech S.L. se r\u00e9serve le droit de modifier tout type d\u2019information pouvant appara\u00eetre sur le site web, sans obligation de pr\u00e9avis ou d\u2019information des utilisateurs, la publication sur le site web d\u2019Evoost Real Tech S.L. \u00e9tant consid\u00e9r\u00e9e comme suffisante.<\/p>\n<h2>1. Donn\u00e9es d\u2019identification<\/h2>\n<ul>\n<li><strong>Nom de domaine :<\/strong> https:\/\/mardihills.com\/<\/li>\n<li><strong>Nom commercial :<\/strong> Evoost Real Tech S.L.<\/li>\n<li><strong>Raison sociale :<\/strong> Evoost Real Tech S.L.<\/li>\n<li><strong>Num\u00e9ro d\u2019identification fiscale :<\/strong> B16420051<\/li>\n<li><strong>Si\u00e8ge social :<\/strong> C\/ Jovellanos 10 BAJOIZQ, 33206 GIJON (ASTURIES)<\/li>\n<li><strong>E-mail :<\/strong> protecciondedatos@evoost.ai<\/li>\n<\/ul>\n<h2>2. Droits de propri\u00e9t\u00e9 intellectuelle et industrielle<\/h2>\n<p>Le site web, y compris, entre autres, sa programmation, son \u00e9dition, sa compilation et les autres \u00e9l\u00e9ments n\u00e9cessaires \u00e0 son fonctionnement, les designs, les logos, les textes et\/ou les graphiques, sont la propri\u00e9t\u00e9 du RESPONSABLE ou, le cas \u00e9ch\u00e9ant, font l\u2019objet d\u2019une licence ou d\u2019une autorisation expresse de la part des auteurs. Tous les contenus du site web sont d\u00fbment prot\u00e9g\u00e9s par la r\u00e9glementation sur la propri\u00e9t\u00e9 intellectuelle et industrielle, et sont inscrits dans les registres publics correspondants.<\/p>\n<p>Quelle que soit la finalit\u00e9 \u00e0 laquelle ils sont destin\u00e9s, la reproduction totale ou partielle, l\u2019utilisation, l\u2019exploitation, la distribution et la commercialisation n\u00e9cessitent dans tous les cas l\u2019autorisation \u00e9crite pr\u00e9alable du RESPONSABLE. Toute utilisation non autoris\u00e9e au pr\u00e9alable est consid\u00e9r\u00e9e comme une violation grave des droits de propri\u00e9t\u00e9 intellectuelle ou industrielle de l\u2019auteur.<\/p>\n<p>Les designs, logos, textes et\/ou graphiques n\u2019appartenant pas au RESPONSABLE et pouvant appara\u00eetre sur le site web appartiennent \u00e0 leurs propri\u00e9taires respectifs, qui sont eux-m\u00eames responsables de toute controverse \u00e9ventuelle pouvant survenir \u00e0 leur sujet. Le RESPONSABLE autorise express\u00e9ment les tiers \u00e0 rediriger directement vers des contenus sp\u00e9cifiques du site web, et en tout cas \u00e0 rediriger vers le site web principal http:\/\/www.evoost.ai\/.<\/p>\n<p>Le RESPONSABLE reconna\u00eet en faveur de leurs titulaires les droits de propri\u00e9t\u00e9 intellectuelle et industrielle correspondants, et leur simple mention ou apparition sur le site web n\u2019implique pas l\u2019existence de droits ou de responsabilit\u00e9s \u00e0 leur \u00e9gard, ni de soutien, de parrainage ou de recommandation de sa part.<\/p>\n<p>Pour toute observation concernant d\u2019\u00e9ventuels manquements aux droits de propri\u00e9t\u00e9 intellectuelle ou industrielle, ainsi qu\u2019\u00e0 l\u2019un des contenus du site web, vous pouvez le faire via l\u2019e-mail hello@evoost.ai<\/p>\n<h2>3. Clause de non-responsabilit\u00e9<\/h2>\n<p>Le RESPONSABLE est exon\u00e9r\u00e9 de tout type de responsabilit\u00e9 d\u00e9coulant des informations publi\u00e9es sur son site web, \u00e0 condition que ces informations aient \u00e9t\u00e9 manipul\u00e9es ou introduites par un tiers ext\u00e9rieur \u00e0 celui-ci.<\/p>\n<h3>Politique de liens<\/h3>\n<p>\u00c0 partir du site web, il est possible d\u2019\u00eatre redirig\u00e9 vers des contenus de sites web de tiers. \u00c9tant donn\u00e9 que le RESPONSABLE ne peut pas toujours contr\u00f4ler le contenu introduit par des tiers sur leurs sites web respectifs, il n\u2019assume aucun type de responsabilit\u00e9 concernant ce contenu. En tout \u00e9tat de cause, il proc\u00e9dera au retrait imm\u00e9diat de tout contenu susceptible de contrevenir \u00e0 la l\u00e9gislation nationale ou internationale, \u00e0 la moralit\u00e9 ou \u00e0 l\u2019ordre public, en supprimant imm\u00e9diatement la redirection vers ledit site web et en informant les autorit\u00e9s comp\u00e9tentes du contenu en question.<\/p>\n<p>Le RESPONSABLE n\u2019est pas responsable des informations et des contenus stock\u00e9s, \u00e0 titre d\u2019exemple mais sans s\u2019y limiter, dans les forums, les chats, les g\u00e9n\u00e9rateurs de blogs, les commentaires, les r\u00e9seaux sociaux ou tout autre moyen permettant \u00e0 des tiers de publier des contenus de mani\u00e8re ind\u00e9pendante sur le site web du RESPONSABLE. Toutefois, et conform\u00e9ment aux dispositions des articles 11 et 16 de la LSSICE, il se tient \u00e0 la disposition de tous les utilisateurs, des autorit\u00e9s et des forces de s\u00e9curit\u00e9, en collaborant activement au retrait ou, le cas \u00e9ch\u00e9ant, au blocage de tous les contenus susceptibles d\u2019affecter ou de contrevenir \u00e0 la l\u00e9gislation nationale ou internationale, aux droits des tiers ou \u00e0 la moralit\u00e9 et \u00e0 l\u2019ordre public. Si l\u2019utilisateur consid\u00e8re qu\u2019il existe sur le site un contenu susceptible de faire l\u2019objet de cette classification, il est pri\u00e9 d\u2019en informer imm\u00e9diatement l\u2019administrateur du site web.<\/p>\n<p>Ce site web a \u00e9t\u00e9 r\u00e9vis\u00e9 et test\u00e9 pour fonctionner correctement. En principe, un fonctionnement correct peut \u00eatre garanti 365 jours par an, 24 heures sur 24. Toutefois, le RESPONSABLE n\u2019exclut pas la possibilit\u00e9 d\u2019erreurs de programmation, ou la survenue de causes de force majeure, de catastrophes naturelles, de gr\u00e8ves ou de circonstances similaires rendant l\u2019acc\u00e8s au site web impossible.<\/p>\n<h3>Adresses IP<\/h3>\n<p>Les serveurs du site web peuvent d\u00e9tecter automatiquement l\u2019adresse IP et le nom de domaine utilis\u00e9s par l\u2019utilisateur. Une adresse IP est un num\u00e9ro attribu\u00e9 automatiquement \u00e0 un ordinateur lorsqu\u2019il se connecte \u00e0 Internet. Toutes ces informations sont enregistr\u00e9es dans un fichier d\u2019activit\u00e9 du serveur qui permet un traitement ult\u00e9rieur des donn\u00e9es afin d\u2019obtenir uniquement des mesures statistiques permettant de conna\u00eetre le nombre d\u2019impressions de pages, le nombre de visites effectu\u00e9es sur les serveurs web, l\u2019ordre des visites, le point d\u2019acc\u00e8s, etc.<\/p>\n<h2>4. Droit applicable et juridiction<\/h2>\n<p>Pour la r\u00e9solution de tous les litiges ou questions li\u00e9s \u00e0 ce site web ou aux activit\u00e9s qui y sont d\u00e9velopp\u00e9es, la l\u00e9gislation espagnole s\u2019appliquera, \u00e0 laquelle les parties se soumettent express\u00e9ment, les cours et tribunaux les plus proches de GIJON \u00e9tant comp\u00e9tents pour la r\u00e9solution de tous les litiges d\u00e9coulant de son utilisation ou s\u2019y rapportant.<\/p>\t\t\t\t\t\t\t\t<\/div>\n\t\t\t\t\t<\/div>\n\t\t\t\t<\/div>\n\t\t\t\t<\/div>\n\t\t","protected":false},"excerpt":{"rendered":"<p>Avis juridique Evoost Real Tech S.L., responsable de ce site web, ci-apr\u00e8s d\u00e9nomm\u00e9 le RESPONSABLE, met ce document \u00e0 la disposition des utilisateurs afin de se conformer aux obligations \u00e9tablies par la loi 34\/2002 du 11 juillet sur les services de la soci\u00e9t\u00e9 de l\u2019information et le commerce \u00e9lectronique (LSSICE), BOE n\u00b0 166, ainsi que [&hellip;]<\/p>\n","protected":false},"author":3,"featured_media":0,"parent":0,"menu_order":0,"comment_status":"closed","ping_status":"closed","template":"","meta":{"_acf_changed":false,"footnotes":""},"class_list":["post-800","page","type-page","status-publish","hentry"],"acf":[],"yoast_head":"<!-- This site is optimized with the Yoast SEO plugin v27.0 - https:\/\/yoast.com\/product\/yoast-seo-wordpress\/ -->\n<title>Mentions l\u00e9gales - Mardi Hills<\/title>\n<meta name=\"robots\" content=\"index, follow, max-snippet:-1, max-image-preview:large, max-video-preview:-1\" \/>\n<link rel=\"canonical\" href=\"https:\/\/mardihills.com\/fr\/legal\/\" \/>\n<meta property=\"og:locale\" content=\"fr_FR\" \/>\n<meta property=\"og:type\" content=\"article\" \/>\n<meta property=\"og:title\" content=\"Mentions l\u00e9gales - Mardi Hills\" \/>\n<meta property=\"og:description\" content=\"Avis juridique Evoost Real Tech S.L., responsable de ce site web, ci-apr\u00e8s d\u00e9nomm\u00e9 le RESPONSABLE, met ce document \u00e0 la disposition des utilisateurs afin de se conformer aux obligations \u00e9tablies par la loi 34\/2002 du 11 juillet sur les services de la soci\u00e9t\u00e9 de l\u2019information et le commerce \u00e9lectronique (LSSICE), BOE n\u00b0 166, ainsi que [&hellip;]\" \/>\n<meta property=\"og:url\" content=\"https:\/\/mardihills.com\/fr\/legal\/\" \/>\n<meta property=\"og:site_name\" content=\"Mardi Hills\" \/>\n<meta name=\"twitter:card\" content=\"summary_large_image\" \/>\n<meta name=\"twitter:label1\" content=\"Dur\u00e9e de lecture estim\u00e9e\" \/>\n\t<meta name=\"twitter:data1\" content=\"5 minutes\" \/>\n<script type=\"application\/ld+json\" class=\"yoast-schema-graph\">{\"@context\":\"https:\/\/schema.org\",\"@graph\":[{\"@type\":\"WebPage\",\"@id\":\"https:\/\/mardihills.com\/fr\/legal\/\",\"url\":\"https:\/\/mardihills.com\/fr\/legal\/\",\"name\":\"Mentions l\u00e9gales - Mardi Hills\",\"isPartOf\":{\"@id\":\"https:\/\/mardihills.com\/#website\"},\"datePublished\":\"2026-03-16T18:45:12+00:00\",\"breadcrumb\":{\"@id\":\"https:\/\/mardihills.com\/fr\/legal\/#breadcrumb\"},\"inLanguage\":\"fr-FR\",\"potentialAction\":[{\"@type\":\"ReadAction\",\"target\":[\"https:\/\/mardihills.com\/fr\/legal\/\"]}]},{\"@type\":\"BreadcrumbList\",\"@id\":\"https:\/\/mardihills.com\/fr\/legal\/#breadcrumb\",\"itemListElement\":[{\"@type\":\"ListItem\",\"position\":1,\"name\":\"Portada\",\"item\":\"https:\/\/mardihills.com\/\"},{\"@type\":\"ListItem\",\"position\":2,\"name\":\"Mentions l\u00e9gales\"}]},{\"@type\":\"WebSite\",\"@id\":\"https:\/\/mardihills.com\/#website\",\"url\":\"https:\/\/mardihills.com\/\",\"name\":\"Mardi Hills\",\"description\":\"\",\"publisher\":{\"@id\":\"https:\/\/mardihills.com\/#organization\"},\"potentialAction\":[{\"@type\":\"SearchAction\",\"target\":{\"@type\":\"EntryPoint\",\"urlTemplate\":\"https:\/\/mardihills.com\/?s={search_term_string}\"},\"query-input\":{\"@type\":\"PropertyValueSpecification\",\"valueRequired\":true,\"valueName\":\"search_term_string\"}}],\"inLanguage\":\"fr-FR\"},{\"@type\":\"Organization\",\"@id\":\"https:\/\/mardihills.com\/#organization\",\"name\":\"Mardi Hills\",\"url\":\"https:\/\/mardihills.com\/\",\"logo\":{\"@type\":\"ImageObject\",\"inLanguage\":\"fr-FR\",\"@id\":\"https:\/\/mardihills.com\/#\/schema\/logo\/image\/\",\"url\":\"https:\/\/mardihills.com\/wp-content\/uploads\/2025\/11\/iconos-de-mapa_Mardi_negativo-scaled.png\",\"contentUrl\":\"https:\/\/mardihills.com\/wp-content\/uploads\/2025\/11\/iconos-de-mapa_Mardi_negativo-scaled.png\",\"width\":2560,\"height\":2560,\"caption\":\"Mardi Hills\"},\"image\":{\"@id\":\"https:\/\/mardihills.com\/#\/schema\/logo\/image\/\"}}]}<\/script>\n<!-- \/ Yoast SEO plugin. -->","yoast_head_json":{"title":"Mentions l\u00e9gales - Mardi Hills","robots":{"index":"index","follow":"follow","max-snippet":"max-snippet:-1","max-image-preview":"max-image-preview:large","max-video-preview":"max-video-preview:-1"},"canonical":"https:\/\/mardihills.com\/fr\/legal\/","og_locale":"fr_FR","og_type":"article","og_title":"Mentions l\u00e9gales - Mardi Hills","og_description":"Avis juridique Evoost Real Tech S.L., responsable de ce site web, ci-apr\u00e8s d\u00e9nomm\u00e9 le RESPONSABLE, met ce document \u00e0 la disposition des utilisateurs afin de se conformer aux obligations \u00e9tablies par la loi 34\/2002 du 11 juillet sur les services de la soci\u00e9t\u00e9 de l\u2019information et le commerce \u00e9lectronique (LSSICE), BOE n\u00b0 166, ainsi que [&hellip;]","og_url":"https:\/\/mardihills.com\/fr\/legal\/","og_site_name":"Mardi Hills","twitter_card":"summary_large_image","twitter_misc":{"Dur\u00e9e de lecture estim\u00e9e":"5 minutes"},"schema":{"@context":"https:\/\/schema.org","@graph":[{"@type":"WebPage","@id":"https:\/\/mardihills.com\/fr\/legal\/","url":"https:\/\/mardihills.com\/fr\/legal\/","name":"Mentions l\u00e9gales - Mardi Hills","isPartOf":{"@id":"https:\/\/mardihills.com\/#website"},"datePublished":"2026-03-16T18:45:12+00:00","breadcrumb":{"@id":"https:\/\/mardihills.com\/fr\/legal\/#breadcrumb"},"inLanguage":"fr-FR","potentialAction":[{"@type":"ReadAction","target":["https:\/\/mardihills.com\/fr\/legal\/"]}]},{"@type":"BreadcrumbList","@id":"https:\/\/mardihills.com\/fr\/legal\/#breadcrumb","itemListElement":[{"@type":"ListItem","position":1,"name":"Portada","item":"https:\/\/mardihills.com\/"},{"@type":"ListItem","position":2,"name":"Mentions l\u00e9gales"}]},{"@type":"WebSite","@id":"https:\/\/mardihills.com\/#website","url":"https:\/\/mardihills.com\/","name":"Mardi Hills","description":"","publisher":{"@id":"https:\/\/mardihills.com\/#organization"},"potentialAction":[{"@type":"SearchAction","target":{"@type":"EntryPoint","urlTemplate":"https:\/\/mardihills.com\/?s={search_term_string}"},"query-input":{"@type":"PropertyValueSpecification","valueRequired":true,"valueName":"search_term_string"}}],"inLanguage":"fr-FR"},{"@type":"Organization","@id":"https:\/\/mardihills.com\/#organization","name":"Mardi Hills","url":"https:\/\/mardihills.com\/","logo":{"@type":"ImageObject","inLanguage":"fr-FR","@id":"https:\/\/mardihills.com\/#\/schema\/logo\/image\/","url":"https:\/\/mardihills.com\/wp-content\/uploads\/2025\/11\/iconos-de-mapa_Mardi_negativo-scaled.png","contentUrl":"https:\/\/mardihills.com\/wp-content\/uploads\/2025\/11\/iconos-de-mapa_Mardi_negativo-scaled.png","width":2560,"height":2560,"caption":"Mardi Hills"},"image":{"@id":"https:\/\/mardihills.com\/#\/schema\/logo\/image\/"}}]}},"_links":{"self":[{"href":"https:\/\/mardihills.com\/fr\/wp-json\/wp\/v2\/pages\/800","targetHints":{"allow":["GET"]}}],"collection":[{"href":"https:\/\/mardihills.com\/fr\/wp-json\/wp\/v2\/pages"}],"about":[{"href":"https:\/\/mardihills.com\/fr\/wp-json\/wp\/v2\/types\/page"}],"author":[{"embeddable":true,"href":"https:\/\/mardihills.com\/fr\/wp-json\/wp\/v2\/users\/3"}],"replies":[{"embeddable":true,"href":"https:\/\/mardihills.com\/fr\/wp-json\/wp\/v2\/comments?post=800"}],"version-history":[{"count":1,"href":"https:\/\/mardihills.com\/fr\/wp-json\/wp\/v2\/pages\/800\/revisions"}],"predecessor-version":[{"id":801,"href":"https:\/\/mardihills.com\/fr\/wp-json\/wp\/v2\/pages\/800\/revisions\/801"}],"wp:attachment":[{"href":"https:\/\/mardihills.com\/fr\/wp-json\/wp\/v2\/media?parent=800"}],"curies":[{"name":"wp","href":"https:\/\/api.w.org\/{rel}","templated":true}]}}